{"id":47,"date":"2025-02-03T19:51:16","date_gmt":"2025-02-03T19:51:16","guid":{"rendered":"https:\/\/gundermann-akademie.com\/?page_id=47"},"modified":"2025-02-03T19:51:18","modified_gmt":"2025-02-03T19:51:18","slug":"contacten","status":"publish","type":"page","link":"https:\/\/gundermann-akademie.com\/ro\/contacten\/","title":{"rendered":"Contacte"},"content":{"rendered":"<p>Ave\u021bi \u00eentreb\u0103ri, comentarii sau sugestii despre produsele sau articolele noastre? Echipa noastr\u0103 este gata s\u0103 v\u0103 ajute. V\u0103 rug\u0103m s\u0103 ne contacta\u021bi folosind datele de mai jos sau s\u0103 completa\u021bi formularul de contact.<\/p>\n<h2>E-mail<\/h2>\n<p>V\u0103 rug\u0103m s\u0103 ne trimite\u021bi un e-mail pentru orice \u00eentreb\u0103ri sau feedback prin <a href=\"mailto:info@gundermann-akademie.com\">info@gundermann-akademie.com<\/a>. Ne propunem s\u0103 r\u0103spundem \u00een termen de 24 de ore.<\/p>\n<h2>Formular de contact<\/h2>\n<p>V\u0103 rug\u0103m s\u0103 folosi\u021bi formularul nostru de contact de mai jos pentru a ne contacta direct. V\u0103 vom contacta c\u00e2t mai cur\u00e2nd posibil.<\/p>\n<form action=\"\/ro\/verzenden\/\" method=\"post\" data-trp-original-action=\"\/verzenden\">\n        <label for=\"naam\">Nume:<\/label><br \/>\n        <input type=\"text\" id=\"naam\" name=\"naam\" required><\/p>\n<p>        <label for=\"email\">Adresa de e-mail:<\/label><br \/>\n        <input type=\"email\" id=\"email\" name=\"email\" required><\/p>\n<p>        <label for=\"onderwerp\">Subiect:<\/label><br \/>\n        <input type=\"text\" id=\"onderwerp\" name=\"onderwerp\" required><\/p>\n<p>        <label for=\"bericht\">Mesaj:<\/label><br \/>\n        <textarea id=\"bericht\" name=\"bericht\" rows=\"5\" required><\/textarea><\/p>\n<p>        <button type=\"submit\">Trimite<\/button><br \/>\n    <input type=\"hidden\" name=\"trp-form-language\" value=\"ro\"\/><\/form>","protected":false},"excerpt":{"rendered":"<p>Ave\u021bi \u00eentreb\u0103ri, comentarii sau sugestii despre produsele sau articolele noastre? Echipa noastr\u0103 este gata s\u0103 v\u0103 ajute. Contacta\u021bi-ne prin...<\/p>","protected":false},"author":1,"featured_media":0,"parent":0,"menu_order":0,"comment_status":"closed","ping_status":"closed","template":"","meta":{"_acf_changed":false,"footnotes":""},"class_list":["post-47","page","type-page","status-publish","hentry"],"acf":[],"yoast_head":"<!-- This site is optimized with the Yoast SEO plugin v23.2 - https:\/\/yoast.com\/wordpress\/plugins\/seo\/ -->\n<title>Contacten - gundermann-akademie.com<\/title>\n<meta name=\"description\" content=\"Neem contact op met Gundermann Akademie voor vragen, opmerkingen of feedback over onze producten. Gebruik ons contactformulier of stuur een e-mail.\" \/>\n<meta name=\"robots\" content=\"index, follow, max-snippet:-1, max-image-preview:large, max-video-preview:-1\" \/>\n<link rel=\"canonical\" href=\"https:\/\/gundermann-akademie.com\/ro\/contacten\/\" \/>\n<meta property=\"og:locale\" content=\"ro_RO\" \/>\n<meta property=\"og:type\" content=\"article\" \/>\n<meta property=\"og:title\" content=\"Contacten - gundermann-akademie.com\" \/>\n<meta property=\"og:description\" content=\"Neem contact op met Gundermann Akademie voor vragen, opmerkingen of feedback over onze producten. Gebruik ons contactformulier of stuur een e-mail.\" \/>\n<meta property=\"og:url\" content=\"https:\/\/gundermann-akademie.com\/ro\/contacten\/\" \/>\n<meta property=\"og:site_name\" content=\"gundermann-akademie.com\" \/>\n<meta property=\"article:modified_time\" content=\"2025-02-03T19:51:18+00:00\" \/>\n<meta name=\"twitter:card\" content=\"summary_large_image\" \/>\n<meta name=\"twitter:label1\" content=\"Timp estimat pentru citire\" \/>\n\t<meta name=\"twitter:data1\" content=\"1 minut\" \/>\n<script type=\"application\/ld+json\" class=\"yoast-schema-graph\">{\"@context\":\"https:\/\/schema.org\",\"@graph\":[{\"@type\":\"WebPage\",\"@id\":\"https:\/\/gundermann-akademie.com\/contacten\/\",\"url\":\"https:\/\/gundermann-akademie.com\/contacten\/\",\"name\":\"Contacten - gundermann-akademie.com\",\"isPartOf\":{\"@id\":\"https:\/\/gundermann-akademie.com\/#website\"},\"datePublished\":\"2025-02-03T19:51:16+00:00\",\"dateModified\":\"2025-02-03T19:51:18+00:00\",\"description\":\"Neem contact op met Gundermann Akademie voor vragen, opmerkingen of feedback over onze producten. Gebruik ons contactformulier of stuur een e-mail.\",\"breadcrumb\":{\"@id\":\"https:\/\/gundermann-akademie.com\/contacten\/#breadcrumb\"},\"inLanguage\":\"ro-RO\",\"potentialAction\":[{\"@type\":\"ReadAction\",\"target\":[\"https:\/\/gundermann-akademie.com\/contacten\/\"]}]},{\"@type\":\"BreadcrumbList\",\"@id\":\"https:\/\/gundermann-akademie.com\/contacten\/#breadcrumb\",\"itemListElement\":[{\"@type\":\"ListItem\",\"position\":1,\"name\":\"Home\",\"item\":\"https:\/\/gundermann-akademie.com\/\"},{\"@type\":\"ListItem\",\"position\":2,\"name\":\"Contacten\"}]},{\"@type\":\"WebSite\",\"@id\":\"https:\/\/gundermann-akademie.com\/#website\",\"url\":\"https:\/\/gundermann-akademie.com\/\",\"name\":\"gundermann-akademie.com\",\"description\":\"Vind de laatste mode-inzichten en stijltips\",\"potentialAction\":[{\"@type\":\"SearchAction\",\"target\":{\"@type\":\"EntryPoint\",\"urlTemplate\":\"https:\/\/gundermann-akademie.com\/?s={search_term_string}\"},\"query-input\":\"required name=search_term_string\"}],\"inLanguage\":\"ro-RO\"}]}<\/script>\n<!-- \/ Yoast SEO plugin. -->","yoast_head_json":{"title":"Contacten - gundermann-akademie.com","description":"Neem contact op met Gundermann Akademie voor vragen, opmerkingen of feedback over onze producten. Gebruik ons contactformulier of stuur een e-mail.","robots":{"index":"index","follow":"follow","max-snippet":"max-snippet:-1","max-image-preview":"max-image-preview:large","max-video-preview":"max-video-preview:-1"},"canonical":"https:\/\/gundermann-akademie.com\/ro\/contacten\/","og_locale":"ro_RO","og_type":"article","og_title":"Contacten - gundermann-akademie.com","og_description":"Neem contact op met Gundermann Akademie voor vragen, opmerkingen of feedback over onze producten. Gebruik ons contactformulier of stuur een e-mail.","og_url":"https:\/\/gundermann-akademie.com\/ro\/contacten\/","og_site_name":"gundermann-akademie.com","article_modified_time":"2025-02-03T19:51:18+00:00","twitter_card":"summary_large_image","twitter_misc":{"Timp estimat pentru citire":"1 minut"},"schema":{"@context":"https:\/\/schema.org","@graph":[{"@type":"WebPage","@id":"https:\/\/gundermann-akademie.com\/contacten\/","url":"https:\/\/gundermann-akademie.com\/contacten\/","name":"Contacten - gundermann-akademie.com","isPartOf":{"@id":"https:\/\/gundermann-akademie.com\/#website"},"datePublished":"2025-02-03T19:51:16+00:00","dateModified":"2025-02-03T19:51:18+00:00","description":"Neem contact op met Gundermann Akademie voor vragen, opmerkingen of feedback over onze producten. Gebruik ons contactformulier of stuur een e-mail.","breadcrumb":{"@id":"https:\/\/gundermann-akademie.com\/contacten\/#breadcrumb"},"inLanguage":"ro-RO","potentialAction":[{"@type":"ReadAction","target":["https:\/\/gundermann-akademie.com\/contacten\/"]}]},{"@type":"BreadcrumbList","@id":"https:\/\/gundermann-akademie.com\/contacten\/#breadcrumb","itemListElement":[{"@type":"ListItem","position":1,"name":"Home","item":"https:\/\/gundermann-akademie.com\/"},{"@type":"ListItem","position":2,"name":"Contacten"}]},{"@type":"WebSite","@id":"https:\/\/gundermann-akademie.com\/#website","url":"https:\/\/gundermann-akademie.com\/","name":"gundermann-akademie.com","description":"Vind de laatste mode-inzichten en stijltips","potentialAction":[{"@type":"SearchAction","target":{"@type":"EntryPoint","urlTemplate":"https:\/\/gundermann-akademie.com\/?s={search_term_string}"},"query-input":"required name=search_term_string"}],"inLanguage":"ro-RO"}]}},"yoast_meta":{"yoast_wpseo_title":"","yoast_wpseo_metadesc":"","yoast_wpseo_canonical":"https:\/\/gundermann-akademie.com\/ro\/wp-json\/wp\/v2\/pages\/47"},"_links":{"self":[{"href":"https:\/\/gundermann-akademie.com\/ro\/wp-json\/wp\/v2\/pages\/47","targetHints":{"allow":["GET"]}}],"collection":[{"href":"https:\/\/gundermann-akademie.com\/ro\/wp-json\/wp\/v2\/pages"}],"about":[{"href":"https:\/\/gundermann-akademie.com\/ro\/wp-json\/wp\/v2\/types\/page"}],"author":[{"embeddable":true,"href":"https:\/\/gundermann-akademie.com\/ro\/wp-json\/wp\/v2\/users\/1"}],"replies":[{"embeddable":true,"href":"https:\/\/gundermann-akademie.com\/ro\/wp-json\/wp\/v2\/comments?post=47"}],"version-history":[{"count":1,"href":"https:\/\/gundermann-akademie.com\/ro\/wp-json\/wp\/v2\/pages\/47\/revisions"}],"predecessor-version":[{"id":48,"href":"https:\/\/gundermann-akademie.com\/ro\/wp-json\/wp\/v2\/pages\/47\/revisions\/48"}],"wp:attachment":[{"href":"https:\/\/gundermann-akademie.com\/ro\/wp-json\/wp\/v2\/media?parent=47"}],"curies":[{"name":"wp","href":"https:\/\/api.w.org\/{rel}","templated":true}]}}