{"id":46,"date":"2025-02-03T19:53:33","date_gmt":"2025-02-03T19:53:33","guid":{"rendered":"https:\/\/gundermann-akademie.com\/?page_id=46"},"modified":"2025-02-03T19:53:35","modified_gmt":"2025-02-03T19:53:35","slug":"over-ons","status":"publish","type":"page","link":"https:\/\/gundermann-akademie.com\/ro\/over-ons\/","title":{"rendered":"Despre noi"},"content":{"rendered":"<p>La Gundermann Akademie totul se \u00eenv\u00e2rte \u00een jurul modei \u0219i \u00eembr\u0103c\u0103mintei. Suntem o platform\u0103 pentru pasiona\u021bii de mod\u0103 care caut\u0103 inspira\u021bie, cele mai noi tendin\u021be \u0219i sfaturi practice de stil. Articolele noastre sunt concepute pentru a te ajuta s\u0103-\u021bi dezvol\u021bi stilul personal \u0219i s\u0103-\u021bi \u00eembun\u0103t\u0103\u021be\u0219ti garderoba. Indiferent dac\u0103 e\u0219ti \u00een c\u0103utarea unei \u021binute, a unor sfaturi de stil sau a unei perspective mai profunde asupra istoriei modei, vei g\u0103si tot ce ai nevoie aici.<\/p>\n<p><img loading=\"lazy\" decoding=\"async\" class=\"aligncenter wp-image-49 size-full\" src=\"https:\/\/gundermann-akademie.com\/wp-content\/uploads\/photo-new.jpg\" alt=\"\" width=\"612\" height=\"368\" srcset=\"https:\/\/gundermann-akademie.com\/wp-content\/uploads\/photo-new.jpg 612w, https:\/\/gundermann-akademie.com\/wp-content\/uploads\/photo-new-300x180.jpg 300w\" sizes=\"auto, (max-width: 612px) 100vw, 612px\" \/><\/p>\n<h2>La ce s\u0103 te a\u0219tep\u021bi<\/h2>\n<ul>\n<li>Inspira\u021bie zilnic\u0103 de mod\u0103 \u0219i sfaturi de stil<\/li>\n<li>Articole detaliate despre istoria \u0219i tendin\u021bele modei<\/li>\n<li>Sfaturi practice pentru combinarea hainelor<\/li>\n<li>Actualiz\u0103ri despre cele mai recente evenimente \u0219i \u0219tiri din mod\u0103<\/li>\n<\/ul>\n<p>Misiunea noastr\u0103 este s\u0103 fim o surs\u0103 de cuno\u0219tin\u021be \u0219i inspira\u021bie pentru to\u021bi cei care iubesc moda. Indiferent dac\u0103 vrei s\u0103-\u021bi \u00eembun\u0103t\u0103\u021be\u0219ti stilul sau s\u0103 afli mai multe despre industria modei, avem tot ce ai nevoie pentru a \u00eencepe c\u0103l\u0103toria ta \u00een lumea modei.<\/p>","protected":false},"excerpt":{"rendered":"<p>La Gundermann Akademie, totul se \u00eenv\u00e2rte \u00een jurul modei \u0219i \u00eembr\u0103c\u0103mintei. Suntem o platform\u0103 pentru pasiona\u021bii de mod\u0103 care caut\u0103 inspira\u021bie, cele mai noi tendin\u021be \u0219i practic\u0103...<\/p>","protected":false},"author":1,"featured_media":0,"parent":0,"menu_order":0,"comment_status":"closed","ping_status":"closed","template":"","meta":{"_acf_changed":false,"footnotes":""},"class_list":["post-46","page","type-page","status-publish","hentry"],"acf":[],"yoast_head":"<!-- This site is optimized with the Yoast SEO plugin v23.2 - https:\/\/yoast.com\/wordpress\/plugins\/seo\/ -->\n<title>Over ons - gundermann-akademie.com<\/title>\n<meta name=\"description\" content=\"Ontdek mode-inspiratie, stylingtips en trends op Gundermann Akademie. Verbeter je look met onze artikelen en handige adviezen.\" \/>\n<meta name=\"robots\" content=\"index, follow, max-snippet:-1, max-image-preview:large, max-video-preview:-1\" \/>\n<link rel=\"canonical\" href=\"https:\/\/gundermann-akademie.com\/ro\/over-ons\/\" \/>\n<meta property=\"og:locale\" content=\"ro_RO\" \/>\n<meta property=\"og:type\" content=\"article\" \/>\n<meta property=\"og:title\" content=\"Over ons - gundermann-akademie.com\" \/>\n<meta property=\"og:description\" content=\"Ontdek mode-inspiratie, stylingtips en trends op Gundermann Akademie. Verbeter je look met onze artikelen en handige adviezen.\" \/>\n<meta property=\"og:url\" content=\"https:\/\/gundermann-akademie.com\/ro\/over-ons\/\" \/>\n<meta property=\"og:site_name\" content=\"gundermann-akademie.com\" \/>\n<meta property=\"article:modified_time\" content=\"2025-02-03T19:53:35+00:00\" \/>\n<meta property=\"og:image\" content=\"https:\/\/gundermann-akademie.com\/wp-content\/uploads\/photo-new.jpg\" \/>\n<meta name=\"twitter:card\" content=\"summary_large_image\" \/>\n<meta name=\"twitter:label1\" content=\"Timp estimat pentru citire\" \/>\n\t<meta name=\"twitter:data1\" content=\"1 minut\" \/>\n<script type=\"application\/ld+json\" class=\"yoast-schema-graph\">{\"@context\":\"https:\/\/schema.org\",\"@graph\":[{\"@type\":\"WebPage\",\"@id\":\"https:\/\/gundermann-akademie.com\/over-ons\/\",\"url\":\"https:\/\/gundermann-akademie.com\/over-ons\/\",\"name\":\"Over ons - gundermann-akademie.com\",\"isPartOf\":{\"@id\":\"https:\/\/gundermann-akademie.com\/#website\"},\"primaryImageOfPage\":{\"@id\":\"https:\/\/gundermann-akademie.com\/over-ons\/#primaryimage\"},\"image\":{\"@id\":\"https:\/\/gundermann-akademie.com\/over-ons\/#primaryimage\"},\"thumbnailUrl\":\"https:\/\/gundermann-akademie.com\/wp-content\/uploads\/photo-new.jpg\",\"datePublished\":\"2025-02-03T19:53:33+00:00\",\"dateModified\":\"2025-02-03T19:53:35+00:00\",\"description\":\"Ontdek mode-inspiratie, stylingtips en trends op Gundermann Akademie. Verbeter je look met onze artikelen en handige adviezen.\",\"breadcrumb\":{\"@id\":\"https:\/\/gundermann-akademie.com\/over-ons\/#breadcrumb\"},\"inLanguage\":\"ro-RO\",\"potentialAction\":[{\"@type\":\"ReadAction\",\"target\":[\"https:\/\/gundermann-akademie.com\/over-ons\/\"]}]},{\"@type\":\"ImageObject\",\"inLanguage\":\"ro-RO\",\"@id\":\"https:\/\/gundermann-akademie.com\/over-ons\/#primaryimage\",\"url\":\"https:\/\/gundermann-akademie.com\/wp-content\/uploads\/photo-new.jpg\",\"contentUrl\":\"https:\/\/gundermann-akademie.com\/wp-content\/uploads\/photo-new.jpg\"},{\"@type\":\"BreadcrumbList\",\"@id\":\"https:\/\/gundermann-akademie.com\/over-ons\/#breadcrumb\",\"itemListElement\":[{\"@type\":\"ListItem\",\"position\":1,\"name\":\"Home\",\"item\":\"https:\/\/gundermann-akademie.com\/\"},{\"@type\":\"ListItem\",\"position\":2,\"name\":\"Over ons\"}]},{\"@type\":\"WebSite\",\"@id\":\"https:\/\/gundermann-akademie.com\/#website\",\"url\":\"https:\/\/gundermann-akademie.com\/\",\"name\":\"gundermann-akademie.com\",\"description\":\"Vind de laatste mode-inzichten en stijltips\",\"potentialAction\":[{\"@type\":\"SearchAction\",\"target\":{\"@type\":\"EntryPoint\",\"urlTemplate\":\"https:\/\/gundermann-akademie.com\/?s={search_term_string}\"},\"query-input\":\"required name=search_term_string\"}],\"inLanguage\":\"ro-RO\"}]}<\/script>\n<!-- \/ Yoast SEO plugin. -->","yoast_head_json":{"title":"Over ons - gundermann-akademie.com","description":"Ontdek mode-inspiratie, stylingtips en trends op Gundermann Akademie. Verbeter je look met onze artikelen en handige adviezen.","robots":{"index":"index","follow":"follow","max-snippet":"max-snippet:-1","max-image-preview":"max-image-preview:large","max-video-preview":"max-video-preview:-1"},"canonical":"https:\/\/gundermann-akademie.com\/ro\/over-ons\/","og_locale":"ro_RO","og_type":"article","og_title":"Over ons - gundermann-akademie.com","og_description":"Ontdek mode-inspiratie, stylingtips en trends op Gundermann Akademie. Verbeter je look met onze artikelen en handige adviezen.","og_url":"https:\/\/gundermann-akademie.com\/ro\/over-ons\/","og_site_name":"gundermann-akademie.com","article_modified_time":"2025-02-03T19:53:35+00:00","og_image":[{"url":"https:\/\/gundermann-akademie.com\/wp-content\/uploads\/photo-new.jpg"}],"twitter_card":"summary_large_image","twitter_misc":{"Timp estimat pentru citire":"1 minut"},"schema":{"@context":"https:\/\/schema.org","@graph":[{"@type":"WebPage","@id":"https:\/\/gundermann-akademie.com\/over-ons\/","url":"https:\/\/gundermann-akademie.com\/over-ons\/","name":"Over ons - gundermann-akademie.com","isPartOf":{"@id":"https:\/\/gundermann-akademie.com\/#website"},"primaryImageOfPage":{"@id":"https:\/\/gundermann-akademie.com\/over-ons\/#primaryimage"},"image":{"@id":"https:\/\/gundermann-akademie.com\/over-ons\/#primaryimage"},"thumbnailUrl":"https:\/\/gundermann-akademie.com\/wp-content\/uploads\/photo-new.jpg","datePublished":"2025-02-03T19:53:33+00:00","dateModified":"2025-02-03T19:53:35+00:00","description":"Ontdek mode-inspiratie, stylingtips en trends op Gundermann Akademie. Verbeter je look met onze artikelen en handige adviezen.","breadcrumb":{"@id":"https:\/\/gundermann-akademie.com\/over-ons\/#breadcrumb"},"inLanguage":"ro-RO","potentialAction":[{"@type":"ReadAction","target":["https:\/\/gundermann-akademie.com\/over-ons\/"]}]},{"@type":"ImageObject","inLanguage":"ro-RO","@id":"https:\/\/gundermann-akademie.com\/over-ons\/#primaryimage","url":"https:\/\/gundermann-akademie.com\/wp-content\/uploads\/photo-new.jpg","contentUrl":"https:\/\/gundermann-akademie.com\/wp-content\/uploads\/photo-new.jpg"},{"@type":"BreadcrumbList","@id":"https:\/\/gundermann-akademie.com\/over-ons\/#breadcrumb","itemListElement":[{"@type":"ListItem","position":1,"name":"Home","item":"https:\/\/gundermann-akademie.com\/"},{"@type":"ListItem","position":2,"name":"Over ons"}]},{"@type":"WebSite","@id":"https:\/\/gundermann-akademie.com\/#website","url":"https:\/\/gundermann-akademie.com\/","name":"gundermann-akademie.com","description":"Vind de laatste mode-inzichten en stijltips","potentialAction":[{"@type":"SearchAction","target":{"@type":"EntryPoint","urlTemplate":"https:\/\/gundermann-akademie.com\/?s={search_term_string}"},"query-input":"required name=search_term_string"}],"inLanguage":"ro-RO"}]}},"yoast_meta":{"yoast_wpseo_title":"","yoast_wpseo_metadesc":"","yoast_wpseo_canonical":"https:\/\/gundermann-akademie.com\/ro\/wp-json\/wp\/v2\/pages\/46"},"_links":{"self":[{"href":"https:\/\/gundermann-akademie.com\/ro\/wp-json\/wp\/v2\/pages\/46","targetHints":{"allow":["GET"]}}],"collection":[{"href":"https:\/\/gundermann-akademie.com\/ro\/wp-json\/wp\/v2\/pages"}],"about":[{"href":"https:\/\/gundermann-akademie.com\/ro\/wp-json\/wp\/v2\/types\/page"}],"author":[{"embeddable":true,"href":"https:\/\/gundermann-akademie.com\/ro\/wp-json\/wp\/v2\/users\/1"}],"replies":[{"embeddable":true,"href":"https:\/\/gundermann-akademie.com\/ro\/wp-json\/wp\/v2\/comments?post=46"}],"version-history":[{"count":1,"href":"https:\/\/gundermann-akademie.com\/ro\/wp-json\/wp\/v2\/pages\/46\/revisions"}],"predecessor-version":[{"id":50,"href":"https:\/\/gundermann-akademie.com\/ro\/wp-json\/wp\/v2\/pages\/46\/revisions\/50"}],"wp:attachment":[{"href":"https:\/\/gundermann-akademie.com\/ro\/wp-json\/wp\/v2\/media?parent=46"}],"curies":[{"name":"wp","href":"https:\/\/api.w.org\/{rel}","templated":true}]}}